{"id":2238,"date":"2020-06-17T09:29:42","date_gmt":"2020-06-17T07:29:42","guid":{"rendered":"http:\/\/www.centroascolto.net\/studio\/?page_id=2238"},"modified":"2020-06-17T09:29:43","modified_gmt":"2020-06-17T07:29:43","slug":"psiconline","status":"publish","type":"page","link":"http:\/\/www.centroascolto.net\/studio\/index.php\/psiconline\/","title":{"rendered":"Psiconline"},"content":{"rendered":"\n<p>La trasformazione digitale della societ\u00e0 favorisce i consulti online e oggi i vantaggi della terapia psicologica online incontrano un pubblico sempre pi\u00f9 ampio.<\/p>\n\n\n\n<p>L\u2019incontro di tecniche psicologiche e informatiche con il fine di permettere la cura di un paziente a distanza o, pi\u00f9 in generale, di fornire servizi sanitari online oggi \u00e8 una pratica molto comune favorita dalla diffusione quasi capillare della rete internet e dal proliferare dei dispositivi con cui diventiamo \u201cconnessi\u201d.<\/p>\n\n\n\n<p>Il progresso tecnologico costante aumenta e migliora continuamente le modalit\u00e0 in cui possono essere offerte delle prestazioni sanitarie online.<\/p>\n\n\n\n<p><em><strong>Modalit\u00e0 della consulenza online dello psicologo<\/strong><\/em><\/p>\n\n\n\n<p>Le consulenze online con lo psicologo sono condotteattraverso il sistema di messaggistica Skype o WhatsAppin quanto permettono di iniziare un lavoro e di poterlo proseguire indipendentemente dal fatto che debba trasferirsi in altra citt\u00e0 o paese.<\/p>\n\n\n\n<p><em>Al pari di quelle in studio, le consulenze online hanno un costo che varia da 30\u20ac a 50\u20ac.<\/em><\/p>\n\n\n\n<p>\u00c8 possibile effettuare il pagamento dell\u2019onorariotramite bonifico bancario.<\/p>\n\n\n\n<p>Il consulto con lo psicologo online su Skype o WhatsApp \u00e8 rivolto ad utenti maggiorenni.<\/p>\n\n\n\n<p>Ti invito, inoltre, a leggere il documento relativo alla gestione deidati, perch\u00e9 la <a href=\"http:\/\/www.centroascolto.net\/pdf\/2020\/informativa_privacy.pdf\" target=\"_blank\" rel=\"noreferrer noopener\">privacy<\/a> \u00e8 importante. Sia in studio sia online.<\/p>\n\n\n\n<p><strong>COME FUNZIONA LA CONSULENZA PSICOLOGICA ONLINE?<\/strong><\/p>\n\n\n\n<p>Al fine di poter usufruire della consulenza psicologica online, \u00e8 necessario richiedere un appuntamento, utilizzando l\u2019apposito&nbsp;form, esponendo brevemente il proprio problema, indicando la citt\u00e0 di residenza, l\u2019et\u00e0, il sesso di chi richiede il consulto e le preferenze di giorni e orari per il consulto.<\/p>\n\n\n\n<p><em>Verrete ricontattati nelle 24 ore successive alla richiesta, cos\u00ec da fissare un appuntamento il prima possibile.<\/em><\/p>\n\n\n\n<div class=\"wpcf7 no-js\" id=\"wpcf7-f2235-o1\" lang=\"it-IT\" dir=\"ltr\" data-wpcf7-id=\"2235\">\n<div class=\"screen-reader-response\"><p role=\"status\" aria-live=\"polite\" aria-atomic=\"true\"><\/p> <ul><\/ul><\/div>\n<form action=\"\/studio\/index.php\/wp-json\/wp\/v2\/pages\/2238#wpcf7-f2235-o1\" method=\"post\" class=\"wpcf7-form init\" aria-label=\"Modulo di contatto\" novalidate=\"novalidate\" data-status=\"init\">\n<fieldset class=\"hidden-fields-container\"><input type=\"hidden\" name=\"_wpcf7\" value=\"2235\" \/><input type=\"hidden\" name=\"_wpcf7_version\" value=\"6.1.2\" \/><input type=\"hidden\" name=\"_wpcf7_locale\" value=\"it_IT\" \/><input type=\"hidden\" name=\"_wpcf7_unit_tag\" value=\"wpcf7-f2235-o1\" \/><input type=\"hidden\" name=\"_wpcf7_container_post\" value=\"0\" \/><input type=\"hidden\" name=\"_wpcf7_posted_data_hash\" value=\"\" \/>\n<\/fieldset>\n<p><label> Il tuo nome (obbligatorio)<br \/>\n<span class=\"wpcf7-form-control-wrap\" data-name=\"your-name\"><input size=\"40\" maxlength=\"400\" class=\"wpcf7-form-control wpcf7-text wpcf7-validates-as-required\" aria-required=\"true\" aria-invalid=\"false\" value=\"\" type=\"text\" name=\"your-name\" \/><\/span> <\/label>\n<\/p>\n<p><label> La tua eta' (obbligatorio)<br \/>\n<span class=\"wpcf7-form-control-wrap\" data-name=\"number-492\"><input class=\"wpcf7-form-control wpcf7-range wpcf7-validates-as-required wpcf7-validates-as-number\" min=\"12\" max=\"99\" aria-required=\"true\" aria-invalid=\"false\" value=\"55.5\" type=\"range\" name=\"number-492\" \/><\/span><\/label>\n<\/p>\n<p><label> La tua Citta'<br \/>\n<span class=\"wpcf7-form-control-wrap\" data-name=\"text-882\"><input size=\"40\" maxlength=\"400\" class=\"wpcf7-form-control wpcf7-text wpcf7-validates-as-required\" aria-required=\"true\" aria-invalid=\"false\" value=\"\" type=\"text\" name=\"text-882\" \/><\/span> <\/label>\n<\/p>\n<p><label> La tua email<br \/>\n<span class=\"wpcf7-form-control-wrap\" data-name=\"email-351\"><input size=\"40\" maxlength=\"400\" class=\"wpcf7-form-control wpcf7-email wpcf7-validates-as-required wpcf7-text wpcf7-validates-as-email\" aria-required=\"true\" aria-invalid=\"false\" value=\"\" type=\"email\" name=\"email-351\" \/><\/span> <\/label>\n<\/p>\n<p><label> Il tuo Telefono<br \/>\n<span class=\"wpcf7-form-control-wrap\" data-name=\"tel-57\"><input size=\"40\" maxlength=\"400\" class=\"wpcf7-form-control wpcf7-tel wpcf7-validates-as-required wpcf7-text wpcf7-validates-as-tel\" aria-required=\"true\" aria-invalid=\"false\" value=\"\" type=\"tel\" name=\"tel-57\" \/><\/span><\/label>\n<\/p>\n<p><label> Se ti va spiega in breve il motivo per il quale vorresti una consulenza<br \/>\n<span class=\"wpcf7-form-control-wrap\" data-name=\"your-message\"><textarea cols=\"40\" rows=\"10\" maxlength=\"2000\" class=\"wpcf7-form-control wpcf7-textarea\" aria-invalid=\"false\" name=\"your-message\"><\/textarea><\/span> <\/label>\n<\/p>\n<p><label> Autorizzo il trattamento <a target=\"_blank\"  href=\"http:\/\/www.centroascolto.net\/pdf\/2020\/informativa_privacy.pdf\">dei miei dati<\/a> ai sensi dell\u2019art. 13 del D.lgs 196\/2003<br \/>\n<span class=\"wpcf7-form-control-wrap\" data-name=\"acceptance-713\"><span class=\"wpcf7-form-control wpcf7-acceptance\"><span class=\"wpcf7-list-item\"><input type=\"checkbox\" name=\"acceptance-713\" value=\"1\" aria-invalid=\"false\" \/><\/span><\/span><\/span><\/label>\n<\/p>\n<p><input class=\"wpcf7-form-control wpcf7-submit has-spinner\" type=\"submit\" value=\"Invia\" \/>\n<\/p><div class=\"wpcf7-response-output\" aria-hidden=\"true\"><\/div>\n<\/form>\n<\/div>\n\n","protected":false},"excerpt":{"rendered":"<p>La trasformazione digitale della societ\u00e0 favorisce i consulti online e oggi i vantaggi della terapia psicologica online incontrano un pubblico sempre pi\u00f9 ampio. L\u2019incontro di tecniche psicologiche e informatiche con il fine di permettere la cura di un paziente a distanza o, pi\u00f9 in generale, di fornire servizi sanitari online oggi \u00e8 una pratica molto comune favorita dalla diffusione quasi capillare della rete internet e dal proliferare dei dispositivi con cui diventiamo \u201cconnessi\u201d. Il progresso tecnologico costante aumenta e migliora continuamente le modalit\u00e0 in cui possono essere offerte delle prestazioni sanitarie online. Modalit\u00e0 della consulenza online dello psicologo Le consulenze online con lo psicologo sono condotteattraverso il sistema di messaggistica Skype o WhatsAppin quanto permettono di iniziare un lavoro e di poterlo proseguire indipendentemente dal fatto che debba trasferirsi in altra citt\u00e0 o paese. Al pari di quelle in studio, le consulenze online hanno un costo che varia da 30\u20ac a 50\u20ac. \u00c8 possibile effettuare il pagamento dell\u2019onorariotramite bonifico bancario. Il consulto con lo psicologo online su Skype o WhatsApp \u00e8 rivolto ad utenti maggiorenni. Ti invito, inoltre, a leggere il documento relativo alla gestione deidati, perch\u00e9 la privacy \u00e8 importante. Sia in studio sia online. COME FUNZIONA LA CONSULENZA PSICOLOGICA ONLINE? Al fine di poter usufruire della consulenza psicologica online, \u00e8 necessario richiedere un appuntamento, utilizzando l\u2019apposito&nbsp;form, esponendo brevemente il proprio problema, indicando la citt\u00e0 di residenza, l\u2019et\u00e0, il sesso di chi richiede il consulto e le preferenze di giorni e orari per il consulto. Verrete ricontattati nelle 24 ore successive alla richiesta, cos\u00ec da fissare un appuntamento il prima possibile.<\/p>\n","protected":false},"author":1,"featured_media":0,"parent":0,"menu_order":0,"comment_status":"closed","ping_status":"closed","template":"","meta":{"footnotes":""},"class_list":["post-2238","page","type-page","status-publish","hentry"],"yoast_head":"<!-- This site is optimized with the Yoast SEO plugin v26.1.1 - https:\/\/yoast.com\/wordpress\/plugins\/seo\/ -->\r\n<title>Psiconline - Centro Ascolto<\/title>\r\n<meta name=\"robots\" content=\"index, follow, max-snippet:-1, max-image-preview:large, max-video-preview:-1\" \/>\r\n<link rel=\"canonical\" href=\"http:\/\/www.centroascolto.net\/studio\/index.php\/psiconline\/\" \/>\r\n<meta property=\"og:locale\" content=\"it_IT\" \/>\r\n<meta property=\"og:type\" content=\"article\" \/>\r\n<meta property=\"og:title\" content=\"Psiconline - Centro Ascolto\" \/>\r\n<meta property=\"og:description\" content=\"La trasformazione digitale della societ\u00e0 favorisce i consulti online e oggi i vantaggi della terapia psicologica online incontrano un pubblico sempre pi\u00f9 ampio. L\u2019incontro di tecniche psicologiche e informatiche con il fine di permettere la cura di un paziente a distanza o, pi\u00f9 in generale, di fornire servizi sanitari online oggi \u00e8 una pratica molto comune favorita dalla diffusione quasi capillare della rete internet e dal proliferare dei dispositivi con cui diventiamo \u201cconnessi\u201d. Il progresso tecnologico costante aumenta e migliora continuamente le modalit\u00e0 in cui possono essere offerte delle prestazioni sanitarie online. Modalit\u00e0 della consulenza online dello psicologo Le consulenze online con lo psicologo sono condotteattraverso il sistema di messaggistica Skype o WhatsAppin quanto permettono di iniziare un lavoro e di poterlo proseguire indipendentemente dal fatto che debba trasferirsi in altra citt\u00e0 o paese. Al pari di quelle in studio, le consulenze online hanno un costo che varia da 30\u20ac a 50\u20ac. \u00c8 possibile effettuare il pagamento dell\u2019onorariotramite bonifico bancario. Il consulto con lo psicologo online su Skype o WhatsApp \u00e8 rivolto ad utenti maggiorenni. Ti invito, inoltre, a leggere il documento relativo alla gestione deidati, perch\u00e9 la privacy \u00e8 importante. Sia in studio sia online. COME FUNZIONA LA CONSULENZA PSICOLOGICA ONLINE? Al fine di poter usufruire della consulenza psicologica online, \u00e8 necessario richiedere un appuntamento, utilizzando l\u2019apposito&nbsp;form, esponendo brevemente il proprio problema, indicando la citt\u00e0 di residenza, l\u2019et\u00e0, il sesso di chi richiede il consulto e le preferenze di giorni e orari per il consulto. Verrete ricontattati nelle 24 ore successive alla richiesta, cos\u00ec da fissare un appuntamento il prima possibile.\" \/>\r\n<meta property=\"og:url\" content=\"http:\/\/www.centroascolto.net\/studio\/index.php\/psiconline\/\" \/>\r\n<meta property=\"og:site_name\" content=\"Centro Ascolto\" \/>\r\n<meta property=\"article:publisher\" content=\"https:\/\/www.facebook.com\/centro.ascolto.758\/?ref=br_rs\" \/>\r\n<meta property=\"article:modified_time\" content=\"2020-06-17T07:29:43+00:00\" \/>\r\n<meta name=\"twitter:card\" content=\"summary_large_image\" \/>\r\n<meta name=\"twitter:label1\" content=\"Tempo di lettura stimato\" \/>\n\t<meta name=\"twitter:data1\" content=\"1 minuto\" \/>\r\n<script type=\"application\/ld+json\" class=\"yoast-schema-graph\">{\"@context\":\"https:\/\/schema.org\",\"@graph\":[{\"@type\":\"WebPage\",\"@id\":\"http:\/\/www.centroascolto.net\/studio\/index.php\/psiconline\/\",\"url\":\"http:\/\/www.centroascolto.net\/studio\/index.php\/psiconline\/\",\"name\":\"Psiconline - Centro Ascolto\",\"isPartOf\":{\"@id\":\"https:\/\/www.centroascolto.net\/studio\/#website\"},\"datePublished\":\"2020-06-17T07:29:42+00:00\",\"dateModified\":\"2020-06-17T07:29:43+00:00\",\"breadcrumb\":{\"@id\":\"http:\/\/www.centroascolto.net\/studio\/index.php\/psiconline\/#breadcrumb\"},\"inLanguage\":\"it-IT\",\"potentialAction\":[{\"@type\":\"ReadAction\",\"target\":[\"http:\/\/www.centroascolto.net\/studio\/index.php\/psiconline\/\"]}]},{\"@type\":\"BreadcrumbList\",\"@id\":\"http:\/\/www.centroascolto.net\/studio\/index.php\/psiconline\/#breadcrumb\",\"itemListElement\":[{\"@type\":\"ListItem\",\"position\":1,\"name\":\"Home\",\"item\":\"https:\/\/www.centroascolto.net\/studio\/\"},{\"@type\":\"ListItem\",\"position\":2,\"name\":\"Psiconline\"}]},{\"@type\":\"WebSite\",\"@id\":\"https:\/\/www.centroascolto.net\/studio\/#website\",\"url\":\"https:\/\/www.centroascolto.net\/studio\/\",\"name\":\"Centro Ascolto\",\"description\":\"Psicologi Aversa\",\"potentialAction\":[{\"@type\":\"SearchAction\",\"target\":{\"@type\":\"EntryPoint\",\"urlTemplate\":\"https:\/\/www.centroascolto.net\/studio\/?s={search_term_string}\"},\"query-input\":{\"@type\":\"PropertyValueSpecification\",\"valueRequired\":true,\"valueName\":\"search_term_string\"}}],\"inLanguage\":\"it-IT\"}]}<\/script>\r\n<!-- \/ Yoast SEO plugin. -->","yoast_head_json":{"title":"Psiconline - Centro Ascolto","robots":{"index":"index","follow":"follow","max-snippet":"max-snippet:-1","max-image-preview":"max-image-preview:large","max-video-preview":"max-video-preview:-1"},"canonical":"http:\/\/www.centroascolto.net\/studio\/index.php\/psiconline\/","og_locale":"it_IT","og_type":"article","og_title":"Psiconline - Centro Ascolto","og_description":"La trasformazione digitale della societ\u00e0 favorisce i consulti online e oggi i vantaggi della terapia psicologica online incontrano un pubblico sempre pi\u00f9 ampio. L\u2019incontro di tecniche psicologiche e informatiche con il fine di permettere la cura di un paziente a distanza o, pi\u00f9 in generale, di fornire servizi sanitari online oggi \u00e8 una pratica molto comune favorita dalla diffusione quasi capillare della rete internet e dal proliferare dei dispositivi con cui diventiamo \u201cconnessi\u201d. Il progresso tecnologico costante aumenta e migliora continuamente le modalit\u00e0 in cui possono essere offerte delle prestazioni sanitarie online. Modalit\u00e0 della consulenza online dello psicologo Le consulenze online con lo psicologo sono condotteattraverso il sistema di messaggistica Skype o WhatsAppin quanto permettono di iniziare un lavoro e di poterlo proseguire indipendentemente dal fatto che debba trasferirsi in altra citt\u00e0 o paese. Al pari di quelle in studio, le consulenze online hanno un costo che varia da 30\u20ac a 50\u20ac. \u00c8 possibile effettuare il pagamento dell\u2019onorariotramite bonifico bancario. Il consulto con lo psicologo online su Skype o WhatsApp \u00e8 rivolto ad utenti maggiorenni. Ti invito, inoltre, a leggere il documento relativo alla gestione deidati, perch\u00e9 la privacy \u00e8 importante. Sia in studio sia online. COME FUNZIONA LA CONSULENZA PSICOLOGICA ONLINE? Al fine di poter usufruire della consulenza psicologica online, \u00e8 necessario richiedere un appuntamento, utilizzando l\u2019apposito&nbsp;form, esponendo brevemente il proprio problema, indicando la citt\u00e0 di residenza, l\u2019et\u00e0, il sesso di chi richiede il consulto e le preferenze di giorni e orari per il consulto. Verrete ricontattati nelle 24 ore successive alla richiesta, cos\u00ec da fissare un appuntamento il prima possibile.","og_url":"http:\/\/www.centroascolto.net\/studio\/index.php\/psiconline\/","og_site_name":"Centro Ascolto","article_publisher":"https:\/\/www.facebook.com\/centro.ascolto.758\/?ref=br_rs","article_modified_time":"2020-06-17T07:29:43+00:00","twitter_card":"summary_large_image","twitter_misc":{"Tempo di lettura stimato":"1 minuto"},"schema":{"@context":"https:\/\/schema.org","@graph":[{"@type":"WebPage","@id":"http:\/\/www.centroascolto.net\/studio\/index.php\/psiconline\/","url":"http:\/\/www.centroascolto.net\/studio\/index.php\/psiconline\/","name":"Psiconline - Centro Ascolto","isPartOf":{"@id":"https:\/\/www.centroascolto.net\/studio\/#website"},"datePublished":"2020-06-17T07:29:42+00:00","dateModified":"2020-06-17T07:29:43+00:00","breadcrumb":{"@id":"http:\/\/www.centroascolto.net\/studio\/index.php\/psiconline\/#breadcrumb"},"inLanguage":"it-IT","potentialAction":[{"@type":"ReadAction","target":["http:\/\/www.centroascolto.net\/studio\/index.php\/psiconline\/"]}]},{"@type":"BreadcrumbList","@id":"http:\/\/www.centroascolto.net\/studio\/index.php\/psiconline\/#breadcrumb","itemListElement":[{"@type":"ListItem","position":1,"name":"Home","item":"https:\/\/www.centroascolto.net\/studio\/"},{"@type":"ListItem","position":2,"name":"Psiconline"}]},{"@type":"WebSite","@id":"https:\/\/www.centroascolto.net\/studio\/#website","url":"https:\/\/www.centroascolto.net\/studio\/","name":"Centro Ascolto","description":"Psicologi Aversa","potentialAction":[{"@type":"SearchAction","target":{"@type":"EntryPoint","urlTemplate":"https:\/\/www.centroascolto.net\/studio\/?s={search_term_string}"},"query-input":{"@type":"PropertyValueSpecification","valueRequired":true,"valueName":"search_term_string"}}],"inLanguage":"it-IT"}]}},"_links":{"self":[{"href":"http:\/\/www.centroascolto.net\/studio\/index.php\/wp-json\/wp\/v2\/pages\/2238","targetHints":{"allow":["GET"]}}],"collection":[{"href":"http:\/\/www.centroascolto.net\/studio\/index.php\/wp-json\/wp\/v2\/pages"}],"about":[{"href":"http:\/\/www.centroascolto.net\/studio\/index.php\/wp-json\/wp\/v2\/types\/page"}],"author":[{"embeddable":true,"href":"http:\/\/www.centroascolto.net\/studio\/index.php\/wp-json\/wp\/v2\/users\/1"}],"replies":[{"embeddable":true,"href":"http:\/\/www.centroascolto.net\/studio\/index.php\/wp-json\/wp\/v2\/comments?post=2238"}],"version-history":[{"count":1,"href":"http:\/\/www.centroascolto.net\/studio\/index.php\/wp-json\/wp\/v2\/pages\/2238\/revisions"}],"predecessor-version":[{"id":2240,"href":"http:\/\/www.centroascolto.net\/studio\/index.php\/wp-json\/wp\/v2\/pages\/2238\/revisions\/2240"}],"wp:attachment":[{"href":"http:\/\/www.centroascolto.net\/studio\/index.php\/wp-json\/wp\/v2\/media?parent=2238"}],"curies":[{"name":"wp","href":"https:\/\/api.w.org\/{rel}","templated":true}]}}